{"id":1579,"date":"2025-01-30T13:19:46","date_gmt":"2025-01-30T12:19:46","guid":{"rendered":"https:\/\/de-paenz-us-dem-ahle-koelle.de\/wordpress\/?page_id=1579"},"modified":"2025-01-30T15:09:45","modified_gmt":"2025-01-30T14:09:45","slug":"elementor-1579","status":"publish","type":"page","link":"https:\/\/de-paenz-us-dem-ahle-koelle.de\/?page_id=1579","title":{"rendered":"Datenschutz"},"content":{"rendered":"\t\t<div data-elementor-type=\"wp-page\" data-elementor-id=\"1579\" class=\"elementor elementor-1579\" data-elementor-post-type=\"page\">\n\t\t\t\t<div class=\"elementor-element elementor-element-f3ed0f6 e-flex e-con-boxed e-con e-parent\" data-id=\"f3ed0f6\" data-element_type=\"container\" data-e-type=\"container\">\n\t\t\t\t\t<div class=\"e-con-inner\">\n\t\t\t\t<div class=\"elementor-element elementor-element-55cf2b0 elementor-widget elementor-widget-image\" data-id=\"55cf2b0\" data-element_type=\"widget\" data-e-type=\"widget\" data-widget_type=\"image.default\">\n\t\t\t\t<div class=\"elementor-widget-container\">\n\t\t\t\t\t\t\t\t\t\t\t\t\t\t\t<img fetchpriority=\"high\" decoding=\"async\" width=\"800\" height=\"131\" src=\"https:\/\/de-paenz-us-dem-ahle-koelle.de\/wordpress\/wp-content\/uploads\/2025\/01\/Headerlogo_Paenzusdemahlekoelle-1.jpg\" class=\"attachment-large size-large wp-image-1612\" alt=\"\" srcset=\"https:\/\/de-paenz-us-dem-ahle-koelle.de\/wordpress\/wp-content\/uploads\/2025\/01\/Headerlogo_Paenzusdemahlekoelle-1.jpg 930w, https:\/\/de-paenz-us-dem-ahle-koelle.de\/wordpress\/wp-content\/uploads\/2025\/01\/Headerlogo_Paenzusdemahlekoelle-1-300x49.jpg 300w, https:\/\/de-paenz-us-dem-ahle-koelle.de\/wordpress\/wp-content\/uploads\/2025\/01\/Headerlogo_Paenzusdemahlekoelle-1-768x126.jpg 768w\" sizes=\"(max-width: 800px) 100vw, 800px\" \/>\t\t\t\t\t\t\t\t\t\t\t\t\t\t\t<\/div>\n\t\t\t\t<\/div>\n\t\t\t\t\t<\/div>\n\t\t\t\t<\/div>\n\t\t<div class=\"elementor-element elementor-element-c4b9520 e-flex e-con-boxed e-con e-parent\" data-id=\"c4b9520\" data-element_type=\"container\" data-e-type=\"container\">\n\t\t\t\t\t<div class=\"e-con-inner\">\n\t\t\t\t<div class=\"elementor-element elementor-element-dc9324f elementor-nav-menu__align-center elementor-nav-menu--dropdown-tablet elementor-nav-menu__text-align-aside elementor-nav-menu--toggle elementor-nav-menu--burger elementor-widget elementor-widget-nav-menu\" data-id=\"dc9324f\" data-element_type=\"widget\" data-e-type=\"widget\" data-settings=\"{&quot;layout&quot;:&quot;horizontal&quot;,&quot;submenu_icon&quot;:{&quot;value&quot;:&quot;&lt;svg aria-hidden=\\&quot;true\\&quot; class=\\&quot;e-font-icon-svg e-fas-caret-down\\&quot; viewBox=\\&quot;0 0 320 512\\&quot; xmlns=\\&quot;http:\\\/\\\/www.w3.org\\\/2000\\\/svg\\&quot;&gt;&lt;path d=\\&quot;M31.3 192h257.3c17.8 0 26.7 21.5 14.1 34.1L174.1 354.8c-7.8 7.8-20.5 7.8-28.3 0L17.2 226.1C4.6 213.5 13.5 192 31.3 192z\\&quot;&gt;&lt;\\\/path&gt;&lt;\\\/svg&gt;&quot;,&quot;library&quot;:&quot;fa-solid&quot;},&quot;toggle&quot;:&quot;burger&quot;}\" data-widget_type=\"nav-menu.default\">\n\t\t\t\t<div class=\"elementor-widget-container\">\n\t\t\t\t\t\t\t\t<nav aria-label=\"Men\u00fc\" class=\"elementor-nav-menu--main elementor-nav-menu__container elementor-nav-menu--layout-horizontal e--pointer-underline e--animation-fade\">\n\t\t\t\t<ul id=\"menu-1-dc9324f\" class=\"elementor-nav-menu\"><li class=\"menu-item menu-item-type-post_type menu-item-object-page menu-item-home menu-item-425\"><a href=\"https:\/\/de-paenz-us-dem-ahle-koelle.de\/\" class=\"elementor-item\">Zu Hus<\/a><\/li>\n<li class=\"menu-item menu-item-type-post_type menu-item-object-page menu-item-185\"><a href=\"https:\/\/de-paenz-us-dem-ahle-koelle.de\/?page_id=178\" class=\"elementor-item\">Dat sin mir<\/a><\/li>\n<li class=\"menu-item menu-item-type-post_type menu-item-object-page menu-item-372\"><a href=\"https:\/\/de-paenz-us-dem-ahle-koelle.de\/?page_id=344\" class=\"elementor-item\">Training<\/a><\/li>\n<li class=\"menu-item menu-item-type-post_type menu-item-object-page menu-item-has-children menu-item-262\"><a href=\"https:\/\/de-paenz-us-dem-ahle-koelle.de\/?page_id=256\" class=\"elementor-item\">Bilder<\/a>\n<ul class=\"sub-menu elementor-nav-menu--dropdown\">\n\t<li class=\"menu-item menu-item-type-post_type menu-item-object-page menu-item-has-children menu-item-2078\"><a href=\"https:\/\/de-paenz-us-dem-ahle-koelle.de\/?page_id=2066\" class=\"elementor-sub-item\">Unsere T\u00e4nzerinnen und T\u00e4nzer 2025\/2026<\/a>\n\t<ul class=\"sub-menu elementor-nav-menu--dropdown\">\n\t\t<li class=\"menu-item menu-item-type-post_type menu-item-object-page menu-item-2268\"><a href=\"https:\/\/de-paenz-us-dem-ahle-koelle.de\/?page_id=2242\" class=\"elementor-sub-item\">Puute un P\u00e4nz 2025\/2026<\/a><\/li>\n\t\t<li class=\"menu-item menu-item-type-post_type menu-item-object-page menu-item-2241\"><a href=\"https:\/\/de-paenz-us-dem-ahle-koelle.de\/?page_id=2208\" class=\"elementor-sub-item\">Frolleins un L\u00e4llbecke 2025\/2026<\/a><\/li>\n\t<\/ul>\n<\/li>\n\t<li class=\"menu-item menu-item-type-post_type menu-item-object-page menu-item-has-children menu-item-2192\"><a href=\"https:\/\/de-paenz-us-dem-ahle-koelle.de\/?page_id=2173\" class=\"elementor-sub-item\">Familienklaaf 2025<\/a>\n\t<ul class=\"sub-menu elementor-nav-menu--dropdown\">\n\t\t<li class=\"menu-item menu-item-type-post_type menu-item-object-page menu-item-647\"><a href=\"https:\/\/de-paenz-us-dem-ahle-koelle.de\/?page_id=501\" class=\"elementor-sub-item\">Familienklaaf 2024<\/a><\/li>\n\t<\/ul>\n<\/li>\n\t<li class=\"menu-item menu-item-type-post_type menu-item-object-page menu-item-2064\"><a href=\"https:\/\/de-paenz-us-dem-ahle-koelle.de\/?page_id=2033\" class=\"elementor-sub-item\">Session 2025\/2026<\/a><\/li>\n\t<li class=\"menu-item menu-item-type-post_type menu-item-object-page menu-item-1163\"><a href=\"https:\/\/de-paenz-us-dem-ahle-koelle.de\/?page_id=1158\" class=\"elementor-sub-item\">Session 2024\/2025<\/a><\/li>\n\t<li class=\"menu-item menu-item-type-post_type menu-item-object-page menu-item-1065\"><a href=\"https:\/\/de-paenz-us-dem-ahle-koelle.de\/?page_id=1057\" class=\"elementor-sub-item\">Session 2023\/2024<\/a><\/li>\n\t<li class=\"menu-item menu-item-type-post_type menu-item-object-page menu-item-373\"><a href=\"https:\/\/de-paenz-us-dem-ahle-koelle.de\/?page_id=356\" class=\"elementor-sub-item\">Sommerauftritte 2024<\/a><\/li>\n\t<li class=\"menu-item menu-item-type-post_type menu-item-object-page menu-item-447\"><a href=\"https:\/\/de-paenz-us-dem-ahle-koelle.de\/?page_id=438\" class=\"elementor-sub-item\">Best of 13 Jahre PudaK<\/a><\/li>\n<\/ul>\n<\/li>\n<li class=\"menu-item menu-item-type-post_type menu-item-object-page menu-item-264\"><a href=\"https:\/\/de-paenz-us-dem-ahle-koelle.de\/?page_id=28\" class=\"elementor-item\">Buchung<\/a><\/li>\n<li class=\"menu-item menu-item-type-post_type menu-item-object-page menu-item-1022\"><a href=\"https:\/\/de-paenz-us-dem-ahle-koelle.de\/?page_id=881\" class=\"elementor-item\">F\u00f6rdermitglied<\/a><\/li>\n<li class=\"menu-item menu-item-type-post_type menu-item-object-page menu-item-763\"><a href=\"https:\/\/de-paenz-us-dem-ahle-koelle.de\/?page_id=755\" class=\"elementor-item\">Aktuelles<\/a><\/li>\n<\/ul>\t\t\t<\/nav>\n\t\t\t\t\t<div class=\"elementor-menu-toggle\" role=\"button\" tabindex=\"0\" aria-label=\"Menu Toggle\" aria-expanded=\"false\">\n\t\t\t<svg aria-hidden=\"true\" role=\"presentation\" class=\"elementor-menu-toggle__icon--open e-font-icon-svg e-eicon-menu-bar\" viewBox=\"0 0 1000 1000\" xmlns=\"http:\/\/www.w3.org\/2000\/svg\"><path d=\"M104 333H896C929 333 958 304 958 271S929 208 896 208H104C71 208 42 237 42 271S71 333 104 333ZM104 583H896C929 583 958 554 958 521S929 458 896 458H104C71 458 42 487 42 521S71 583 104 583ZM104 833H896C929 833 958 804 958 771S929 708 896 708H104C71 708 42 737 42 771S71 833 104 833Z\"><\/path><\/svg><svg aria-hidden=\"true\" role=\"presentation\" class=\"elementor-menu-toggle__icon--close e-font-icon-svg e-eicon-close\" viewBox=\"0 0 1000 1000\" xmlns=\"http:\/\/www.w3.org\/2000\/svg\"><path d=\"M742 167L500 408 258 167C246 154 233 150 217 150 196 150 179 158 167 167 154 179 150 196 150 212 150 229 154 242 171 254L408 500 167 742C138 771 138 800 167 829 196 858 225 858 254 829L496 587 738 829C750 842 767 846 783 846 800 846 817 842 829 829 842 817 846 804 846 783 846 767 842 750 829 737L588 500 833 258C863 229 863 200 833 171 804 137 775 137 742 167Z\"><\/path><\/svg>\t\t<\/div>\n\t\t\t\t\t<nav class=\"elementor-nav-menu--dropdown elementor-nav-menu__container\" aria-hidden=\"true\">\n\t\t\t\t<ul id=\"menu-2-dc9324f\" class=\"elementor-nav-menu\"><li class=\"menu-item menu-item-type-post_type menu-item-object-page menu-item-home menu-item-425\"><a href=\"https:\/\/de-paenz-us-dem-ahle-koelle.de\/\" class=\"elementor-item\" tabindex=\"-1\">Zu Hus<\/a><\/li>\n<li class=\"menu-item menu-item-type-post_type menu-item-object-page menu-item-185\"><a href=\"https:\/\/de-paenz-us-dem-ahle-koelle.de\/?page_id=178\" class=\"elementor-item\" tabindex=\"-1\">Dat sin mir<\/a><\/li>\n<li class=\"menu-item menu-item-type-post_type menu-item-object-page menu-item-372\"><a href=\"https:\/\/de-paenz-us-dem-ahle-koelle.de\/?page_id=344\" class=\"elementor-item\" tabindex=\"-1\">Training<\/a><\/li>\n<li class=\"menu-item menu-item-type-post_type menu-item-object-page menu-item-has-children menu-item-262\"><a href=\"https:\/\/de-paenz-us-dem-ahle-koelle.de\/?page_id=256\" class=\"elementor-item\" tabindex=\"-1\">Bilder<\/a>\n<ul class=\"sub-menu elementor-nav-menu--dropdown\">\n\t<li class=\"menu-item menu-item-type-post_type menu-item-object-page menu-item-has-children menu-item-2078\"><a href=\"https:\/\/de-paenz-us-dem-ahle-koelle.de\/?page_id=2066\" class=\"elementor-sub-item\" tabindex=\"-1\">Unsere T\u00e4nzerinnen und T\u00e4nzer 2025\/2026<\/a>\n\t<ul class=\"sub-menu elementor-nav-menu--dropdown\">\n\t\t<li class=\"menu-item menu-item-type-post_type menu-item-object-page menu-item-2268\"><a href=\"https:\/\/de-paenz-us-dem-ahle-koelle.de\/?page_id=2242\" class=\"elementor-sub-item\" tabindex=\"-1\">Puute un P\u00e4nz 2025\/2026<\/a><\/li>\n\t\t<li class=\"menu-item menu-item-type-post_type menu-item-object-page menu-item-2241\"><a href=\"https:\/\/de-paenz-us-dem-ahle-koelle.de\/?page_id=2208\" class=\"elementor-sub-item\" tabindex=\"-1\">Frolleins un L\u00e4llbecke 2025\/2026<\/a><\/li>\n\t<\/ul>\n<\/li>\n\t<li class=\"menu-item menu-item-type-post_type menu-item-object-page menu-item-has-children menu-item-2192\"><a href=\"https:\/\/de-paenz-us-dem-ahle-koelle.de\/?page_id=2173\" class=\"elementor-sub-item\" tabindex=\"-1\">Familienklaaf 2025<\/a>\n\t<ul class=\"sub-menu elementor-nav-menu--dropdown\">\n\t\t<li class=\"menu-item menu-item-type-post_type menu-item-object-page menu-item-647\"><a href=\"https:\/\/de-paenz-us-dem-ahle-koelle.de\/?page_id=501\" class=\"elementor-sub-item\" tabindex=\"-1\">Familienklaaf 2024<\/a><\/li>\n\t<\/ul>\n<\/li>\n\t<li class=\"menu-item menu-item-type-post_type menu-item-object-page menu-item-2064\"><a href=\"https:\/\/de-paenz-us-dem-ahle-koelle.de\/?page_id=2033\" class=\"elementor-sub-item\" tabindex=\"-1\">Session 2025\/2026<\/a><\/li>\n\t<li class=\"menu-item menu-item-type-post_type menu-item-object-page menu-item-1163\"><a href=\"https:\/\/de-paenz-us-dem-ahle-koelle.de\/?page_id=1158\" class=\"elementor-sub-item\" tabindex=\"-1\">Session 2024\/2025<\/a><\/li>\n\t<li class=\"menu-item menu-item-type-post_type menu-item-object-page menu-item-1065\"><a href=\"https:\/\/de-paenz-us-dem-ahle-koelle.de\/?page_id=1057\" class=\"elementor-sub-item\" tabindex=\"-1\">Session 2023\/2024<\/a><\/li>\n\t<li class=\"menu-item menu-item-type-post_type menu-item-object-page menu-item-373\"><a href=\"https:\/\/de-paenz-us-dem-ahle-koelle.de\/?page_id=356\" class=\"elementor-sub-item\" tabindex=\"-1\">Sommerauftritte 2024<\/a><\/li>\n\t<li class=\"menu-item menu-item-type-post_type menu-item-object-page menu-item-447\"><a href=\"https:\/\/de-paenz-us-dem-ahle-koelle.de\/?page_id=438\" class=\"elementor-sub-item\" tabindex=\"-1\">Best of 13 Jahre PudaK<\/a><\/li>\n<\/ul>\n<\/li>\n<li class=\"menu-item menu-item-type-post_type menu-item-object-page menu-item-264\"><a href=\"https:\/\/de-paenz-us-dem-ahle-koelle.de\/?page_id=28\" class=\"elementor-item\" tabindex=\"-1\">Buchung<\/a><\/li>\n<li class=\"menu-item menu-item-type-post_type menu-item-object-page menu-item-1022\"><a href=\"https:\/\/de-paenz-us-dem-ahle-koelle.de\/?page_id=881\" class=\"elementor-item\" tabindex=\"-1\">F\u00f6rdermitglied<\/a><\/li>\n<li class=\"menu-item menu-item-type-post_type menu-item-object-page menu-item-763\"><a href=\"https:\/\/de-paenz-us-dem-ahle-koelle.de\/?page_id=755\" class=\"elementor-item\" tabindex=\"-1\">Aktuelles<\/a><\/li>\n<\/ul>\t\t\t<\/nav>\n\t\t\t\t\t\t<\/div>\n\t\t\t\t<\/div>\n\t\t\t\t<div class=\"elementor-element elementor-element-88b2c4a elementor-widget elementor-widget-spacer\" data-id=\"88b2c4a\" data-element_type=\"widget\" data-e-type=\"widget\" data-widget_type=\"spacer.default\">\n\t\t\t\t<div class=\"elementor-widget-container\">\n\t\t\t\t\t\t\t<div class=\"elementor-spacer\">\n\t\t\t<div class=\"elementor-spacer-inner\"><\/div>\n\t\t<\/div>\n\t\t\t\t\t\t<\/div>\n\t\t\t\t<\/div>\n\t\t\t\t\t<\/div>\n\t\t\t\t<\/div>\n\t\t<div class=\"elementor-element elementor-element-bc08dd1 e-flex e-con-boxed e-con e-parent\" data-id=\"bc08dd1\" data-element_type=\"container\" data-e-type=\"container\">\n\t\t\t\t\t<div class=\"e-con-inner\">\n\t\t\t\t<div class=\"elementor-element elementor-element-d835d07 elementor-widget elementor-widget-heading\" data-id=\"d835d07\" data-element_type=\"widget\" data-e-type=\"widget\" data-widget_type=\"heading.default\">\n\t\t\t\t<div class=\"elementor-widget-container\">\n\t\t\t\t\t<h2 class=\"elementor-heading-title elementor-size-default\">Wir nehmen es ernst mit dem Datenschutz.<\/h2>\t\t\t\t<\/div>\n\t\t\t\t<\/div>\n\t\t\t\t<div class=\"elementor-element elementor-element-95123de elementor-widget elementor-widget-text-editor\" data-id=\"95123de\" data-element_type=\"widget\" data-e-type=\"widget\" data-widget_type=\"text-editor.default\">\n\t\t\t\t<div class=\"elementor-widget-container\">\n\t\t\t\t\t\t\t\t\t<p style=\"text-align: center;\"><strong>Datenschutz<\/strong> \/ Datenschutzordnung<\/p><p style=\"text-align: center;\">Die Millj\u00f6h-Tanzgruppe De P\u00e4nz us dem ahle K\u00f6lle e.V. verarbeitet in vielfacher Weise automatisiert personenbezogene Daten (z.B. im Rahmen der Vereinsverwaltung, der Organisation des Vereinsarbeit, der \u00d6ffentlichkeitsarbeit). Um die Vorgaben der EU-Datenschutzgrundverordnung und des Bundesdatenschutzgesetzes zu erf\u00fcllen, Datenschutzverst\u00f6\u00dfe zu vermeiden und einen einheitlichen Umgang mit personenbezogenen Daten innerhalb des Vereins zu gew\u00e4hrleisten, hat sich der Verein eine Datenschutzordnung gegeben.<\/p><p style=\"text-align: center;\"><strong>Datenschutzerkl\u00e4rung<\/strong><\/p><p style=\"text-align: center;\">Da Datenschutz einen besonders hohen Stellenwert f\u00fcr den Vorstand des Vereins hat, ist eine umfassende Datenschutzerkl\u00e4rung erstellt worden.<\/p><p style=\"text-align: center;\"><strong>Haftungshinweise<\/strong><br \/><strong>Externe Links<\/strong><\/p><p style=\"text-align: center;\">Bei direkten oder indirekten Verweisen auf fremde Webseiten (&#8222;Hyperlinks&#8220;), die au\u00dferhalb des Verantwortungsbereiches des Autors liegen, w\u00fcrde eine Haftungsverpflichtung ausschlie\u00dflich in dem Fall in Kraft treten, in dem der Autor von den Inhalten Kenntnis hat und es ihm technisch m\u00f6glich und zumutbar w\u00e4re, die Nutzung im Falle rechtswidriger Inhalte zu verhindern. Der Autor erkl\u00e4rt hiermit ausdr\u00fccklich, dass zum Zeitpunkt der Linksetzung keine illegalen Inhalte auf den zu verlinkenden Seiten erkennbar waren. Auf die aktuelle und zuk\u00fcnftige Gestaltung, die Inhalte oder die Urheberschaft der verlinkten\/verkn\u00fcpften Seiten hat der Autor keinerlei Einfluss. Deshalb distanziert er sich hiermit ausdr\u00fccklich von allen Inhalten aller verlinkten \/verkn\u00fcpften Seiten, die nach der Linksetzung ver\u00e4ndert wurden. Diese Feststellung gilt f\u00fcr alle innerhalb des eigenen Internetangebotes gesetzten Links und Verweise sowie f\u00fcr Fremdeintr\u00e4ge in vom Autor eingerichteten G\u00e4steb\u00fcchern, Diskussionsforen, Linkverzeichnissen, Mailinglisten und in allen anderen Formen von Datenbanken, auf deren Inhalt externe Schreibzugriffe m\u00f6glich sind. F\u00fcr illegale, fehlerhafte oder unvollst\u00e4ndige Inhalte und insbesondere f\u00fcr Sch\u00e4den, die aus der Nutzung oder Nichtnutzung solcher Art dargebotener Informationen entstehen, haftet allein der Anbieter der Seite, auf welche verwiesen wurde, nicht derjenige, der \u00fcber Links auf die jeweilige Ver\u00f6ffentlichung lediglich verweist.<\/p><p style=\"text-align: center;\"><strong>Urheberrecht<\/strong><\/p><p style=\"text-align: center;\">Die Autoren sind bestrebt, in allen Publikationen die Urheberrechte der verwendeten Grafiken, Sounds und Texte zu beachten, von ihnen selbst erstellte Grafiken, Sounds und Texte zu nutzen oder auf lizenzfreie Grafiken, Sounds und Texte zur\u00fcckzugreifen. Sollte sich auf den jeweiligen Seiten dennoch eine ungekennzeichnete, aber durch fremdes Copyright gesch\u00fctzte Grafik, ein Sound oder Text befinden, so konnte das Copyright vom Autor nicht festgestellt werden. Im Falle einer solchen unbeabsichtigten Copyrightverletzung werden die Autoren das entsprechende Objekt nach Benachrichtigung unverz\u00fcglich aus ihrer Publikation entfernen bzw. mit dem entsprechenden Copyright kenntlich machen. Das Copyright f\u00fcr ver\u00f6ffentlichte, von den Autoren selbst erstellte Objekte bleibt allein beim jeweiligen Autor der Seite. Eine Vervielf\u00e4ltigung oder Verwendung solcher Grafiken, Sounds oder Texte in anderen elektronischen oder gedruckten Publikationen ist ohne ausdr\u00fcckliche Zustimmung des jeweiligen Autors nicht gestattet.<\/p>\t\t\t\t\t\t\t\t<\/div>\n\t\t\t\t<\/div>\n\t\t\t\t<div class=\"elementor-element elementor-element-587bdf0 elementor-widget elementor-widget-spacer\" data-id=\"587bdf0\" data-element_type=\"widget\" data-e-type=\"widget\" data-widget_type=\"spacer.default\">\n\t\t\t\t<div class=\"elementor-widget-container\">\n\t\t\t\t\t\t\t<div class=\"elementor-spacer\">\n\t\t\t<div class=\"elementor-spacer-inner\"><\/div>\n\t\t<\/div>\n\t\t\t\t\t\t<\/div>\n\t\t\t\t<\/div>\n\t\t\t\t\t<\/div>\n\t\t\t\t<\/div>\n\t\t<div class=\"elementor-element elementor-element-e66336e e-flex e-con-boxed e-con e-parent\" data-id=\"e66336e\" data-element_type=\"container\" data-e-type=\"container\">\n\t\t\t\t\t<div class=\"e-con-inner\">\n\t\t\t\t<div class=\"elementor-element elementor-element-6e37c1e elementor-nav-menu__align-center elementor-nav-menu--dropdown-tablet elementor-nav-menu__text-align-aside elementor-nav-menu--toggle elementor-nav-menu--burger elementor-widget elementor-widget-nav-menu\" data-id=\"6e37c1e\" data-element_type=\"widget\" data-e-type=\"widget\" data-settings=\"{&quot;layout&quot;:&quot;horizontal&quot;,&quot;submenu_icon&quot;:{&quot;value&quot;:&quot;&lt;svg aria-hidden=\\&quot;true\\&quot; class=\\&quot;e-font-icon-svg e-fas-caret-down\\&quot; viewBox=\\&quot;0 0 320 512\\&quot; xmlns=\\&quot;http:\\\/\\\/www.w3.org\\\/2000\\\/svg\\&quot;&gt;&lt;path d=\\&quot;M31.3 192h257.3c17.8 0 26.7 21.5 14.1 34.1L174.1 354.8c-7.8 7.8-20.5 7.8-28.3 0L17.2 226.1C4.6 213.5 13.5 192 31.3 192z\\&quot;&gt;&lt;\\\/path&gt;&lt;\\\/svg&gt;&quot;,&quot;library&quot;:&quot;fa-solid&quot;},&quot;toggle&quot;:&quot;burger&quot;}\" data-widget_type=\"nav-menu.default\">\n\t\t\t\t<div class=\"elementor-widget-container\">\n\t\t\t\t\t\t\t\t<nav aria-label=\"Men\u00fc\" class=\"elementor-nav-menu--main elementor-nav-menu__container elementor-nav-menu--layout-horizontal e--pointer-underline e--animation-fade\">\n\t\t\t\t<ul id=\"menu-1-6e37c1e\" class=\"elementor-nav-menu\"><li class=\"menu-item menu-item-type-post_type menu-item-object-page menu-item-201\"><a href=\"https:\/\/de-paenz-us-dem-ahle-koelle.de\/?page_id=191\" class=\"elementor-item\">KG MBZ<\/a><\/li>\n<li class=\"menu-item menu-item-type-post_type menu-item-object-page menu-item-200\"><a href=\"https:\/\/de-paenz-us-dem-ahle-koelle.de\/?page_id=190\" class=\"elementor-item\">Presse<\/a><\/li>\n<li class=\"menu-item menu-item-type-post_type menu-item-object-page menu-item-1587\"><a href=\"https:\/\/de-paenz-us-dem-ahle-koelle.de\/?page_id=1579\" class=\"elementor-item\">Datenschutz<\/a><\/li>\n<li class=\"menu-item menu-item-type-post_type menu-item-object-page menu-item-198\"><a href=\"https:\/\/de-paenz-us-dem-ahle-koelle.de\/?page_id=187\" class=\"elementor-item\">Kontakt<\/a><\/li>\n<li class=\"menu-item menu-item-type-post_type menu-item-object-page menu-item-1597\"><a href=\"https:\/\/de-paenz-us-dem-ahle-koelle.de\/?page_id=1589\" class=\"elementor-item\">Impressum<\/a><\/li>\n<\/ul>\t\t\t<\/nav>\n\t\t\t\t\t<div class=\"elementor-menu-toggle\" role=\"button\" tabindex=\"0\" aria-label=\"Menu Toggle\" aria-expanded=\"false\">\n\t\t\t<svg aria-hidden=\"true\" role=\"presentation\" class=\"elementor-menu-toggle__icon--open e-font-icon-svg e-eicon-menu-bar\" viewBox=\"0 0 1000 1000\" xmlns=\"http:\/\/www.w3.org\/2000\/svg\"><path d=\"M104 333H896C929 333 958 304 958 271S929 208 896 208H104C71 208 42 237 42 271S71 333 104 333ZM104 583H896C929 583 958 554 958 521S929 458 896 458H104C71 458 42 487 42 521S71 583 104 583ZM104 833H896C929 833 958 804 958 771S929 708 896 708H104C71 708 42 737 42 771S71 833 104 833Z\"><\/path><\/svg><svg aria-hidden=\"true\" role=\"presentation\" class=\"elementor-menu-toggle__icon--close e-font-icon-svg e-eicon-close\" viewBox=\"0 0 1000 1000\" xmlns=\"http:\/\/www.w3.org\/2000\/svg\"><path d=\"M742 167L500 408 258 167C246 154 233 150 217 150 196 150 179 158 167 167 154 179 150 196 150 212 150 229 154 242 171 254L408 500 167 742C138 771 138 800 167 829 196 858 225 858 254 829L496 587 738 829C750 842 767 846 783 846 800 846 817 842 829 829 842 817 846 804 846 783 846 767 842 750 829 737L588 500 833 258C863 229 863 200 833 171 804 137 775 137 742 167Z\"><\/path><\/svg>\t\t<\/div>\n\t\t\t\t\t<nav class=\"elementor-nav-menu--dropdown elementor-nav-menu__container\" aria-hidden=\"true\">\n\t\t\t\t<ul id=\"menu-2-6e37c1e\" class=\"elementor-nav-menu\"><li class=\"menu-item menu-item-type-post_type menu-item-object-page menu-item-201\"><a href=\"https:\/\/de-paenz-us-dem-ahle-koelle.de\/?page_id=191\" class=\"elementor-item\" tabindex=\"-1\">KG MBZ<\/a><\/li>\n<li class=\"menu-item menu-item-type-post_type menu-item-object-page menu-item-200\"><a href=\"https:\/\/de-paenz-us-dem-ahle-koelle.de\/?page_id=190\" class=\"elementor-item\" tabindex=\"-1\">Presse<\/a><\/li>\n<li class=\"menu-item menu-item-type-post_type menu-item-object-page menu-item-1587\"><a href=\"https:\/\/de-paenz-us-dem-ahle-koelle.de\/?page_id=1579\" class=\"elementor-item\" tabindex=\"-1\">Datenschutz<\/a><\/li>\n<li class=\"menu-item menu-item-type-post_type menu-item-object-page menu-item-198\"><a href=\"https:\/\/de-paenz-us-dem-ahle-koelle.de\/?page_id=187\" class=\"elementor-item\" tabindex=\"-1\">Kontakt<\/a><\/li>\n<li class=\"menu-item menu-item-type-post_type menu-item-object-page menu-item-1597\"><a href=\"https:\/\/de-paenz-us-dem-ahle-koelle.de\/?page_id=1589\" class=\"elementor-item\" tabindex=\"-1\">Impressum<\/a><\/li>\n<\/ul>\t\t\t<\/nav>\n\t\t\t\t\t\t<\/div>\n\t\t\t\t<\/div>\n\t\t\t\t\t<\/div>\n\t\t\t\t<\/div>\n\t\t\t\t<\/div>\n\t\t","protected":false},"excerpt":{"rendered":"<p>Wir nehmen es ernst mit dem Datenschutz. Datenschutz \/ Datenschutzordnung Die Millj\u00f6h-Tanzgruppe De P\u00e4nz us dem ahle K\u00f6lle e.V. verarbeitet in vielfacher Weise automatisiert personenbezogene Daten (z.B. im Rahmen der Vereinsverwaltung, der Organisation des Vereinsarbeit, der \u00d6ffentlichkeitsarbeit). Um die Vorgaben der EU-Datenschutzgrundverordnung und des Bundesdatenschutzgesetzes zu erf\u00fcllen, Datenschutzverst\u00f6\u00dfe zu vermeiden und einen einheitlichen Umgang mit [&hellip;]<\/p>\n","protected":false},"author":2,"featured_media":0,"parent":0,"menu_order":0,"comment_status":"closed","ping_status":"closed","template":"elementor_canvas","meta":{"footnotes":""},"class_list":["post-1579","page","type-page","status-publish","hentry"],"_links":{"self":[{"href":"https:\/\/de-paenz-us-dem-ahle-koelle.de\/index.php?rest_route=\/wp\/v2\/pages\/1579","targetHints":{"allow":["GET"]}}],"collection":[{"href":"https:\/\/de-paenz-us-dem-ahle-koelle.de\/index.php?rest_route=\/wp\/v2\/pages"}],"about":[{"href":"https:\/\/de-paenz-us-dem-ahle-koelle.de\/index.php?rest_route=\/wp\/v2\/types\/page"}],"author":[{"embeddable":true,"href":"https:\/\/de-paenz-us-dem-ahle-koelle.de\/index.php?rest_route=\/wp\/v2\/users\/2"}],"replies":[{"embeddable":true,"href":"https:\/\/de-paenz-us-dem-ahle-koelle.de\/index.php?rest_route=%2Fwp%2Fv2%2Fcomments&post=1579"}],"version-history":[{"count":13,"href":"https:\/\/de-paenz-us-dem-ahle-koelle.de\/index.php?rest_route=\/wp\/v2\/pages\/1579\/revisions"}],"predecessor-version":[{"id":1702,"href":"https:\/\/de-paenz-us-dem-ahle-koelle.de\/index.php?rest_route=\/wp\/v2\/pages\/1579\/revisions\/1702"}],"wp:attachment":[{"href":"https:\/\/de-paenz-us-dem-ahle-koelle.de\/index.php?rest_route=%2Fwp%2Fv2%2Fmedia&parent=1579"}],"curies":[{"name":"wp","href":"https:\/\/api.w.org\/{rel}","templated":true}]}}