{"id":1589,"date":"2025-01-30T14:18:03","date_gmt":"2025-01-30T13:18:03","guid":{"rendered":"https:\/\/de-paenz-us-dem-ahle-koelle.de\/wordpress\/?page_id=1589"},"modified":"2025-02-28T14:40:39","modified_gmt":"2025-02-28T13:40:39","slug":"elementor-1589","status":"publish","type":"page","link":"https:\/\/de-paenz-us-dem-ahle-koelle.de\/?page_id=1589","title":{"rendered":"Impressum"},"content":{"rendered":"\t\t<div data-elementor-type=\"wp-page\" data-elementor-id=\"1589\" class=\"elementor elementor-1589\" data-elementor-post-type=\"page\">\n\t\t\t\t<div class=\"elementor-element elementor-element-8158e39 e-flex e-con-boxed e-con e-parent\" data-id=\"8158e39\" data-element_type=\"container\" data-e-type=\"container\">\n\t\t\t\t\t<div class=\"e-con-inner\">\n\t\t\t\t<div class=\"elementor-element elementor-element-1810544 elementor-widget elementor-widget-image\" data-id=\"1810544\" data-element_type=\"widget\" data-e-type=\"widget\" data-widget_type=\"image.default\">\n\t\t\t\t<div class=\"elementor-widget-container\">\n\t\t\t\t\t\t\t\t\t\t\t\t\t\t\t<img fetchpriority=\"high\" decoding=\"async\" width=\"800\" height=\"131\" src=\"https:\/\/de-paenz-us-dem-ahle-koelle.de\/wordpress\/wp-content\/uploads\/2025\/01\/Headerlogo_Paenzusdemahlekoelle-1.jpg\" class=\"attachment-large size-large wp-image-1612\" alt=\"\" srcset=\"https:\/\/de-paenz-us-dem-ahle-koelle.de\/wordpress\/wp-content\/uploads\/2025\/01\/Headerlogo_Paenzusdemahlekoelle-1.jpg 930w, https:\/\/de-paenz-us-dem-ahle-koelle.de\/wordpress\/wp-content\/uploads\/2025\/01\/Headerlogo_Paenzusdemahlekoelle-1-300x49.jpg 300w, https:\/\/de-paenz-us-dem-ahle-koelle.de\/wordpress\/wp-content\/uploads\/2025\/01\/Headerlogo_Paenzusdemahlekoelle-1-768x126.jpg 768w\" sizes=\"(max-width: 800px) 100vw, 800px\" \/>\t\t\t\t\t\t\t\t\t\t\t\t\t\t\t<\/div>\n\t\t\t\t<\/div>\n\t\t\t\t\t<\/div>\n\t\t\t\t<\/div>\n\t\t<div class=\"elementor-element elementor-element-202407c e-flex e-con-boxed e-con e-parent\" data-id=\"202407c\" data-element_type=\"container\" data-e-type=\"container\">\n\t\t\t\t\t<div class=\"e-con-inner\">\n\t\t\t\t<div class=\"elementor-element elementor-element-b35cbe2 elementor-nav-menu__align-center elementor-nav-menu--dropdown-tablet elementor-nav-menu__text-align-aside elementor-nav-menu--toggle elementor-nav-menu--burger elementor-widget elementor-widget-nav-menu\" data-id=\"b35cbe2\" data-element_type=\"widget\" data-e-type=\"widget\" data-settings=\"{&quot;layout&quot;:&quot;horizontal&quot;,&quot;submenu_icon&quot;:{&quot;value&quot;:&quot;&lt;svg aria-hidden=\\&quot;true\\&quot; class=\\&quot;e-font-icon-svg e-fas-caret-down\\&quot; viewBox=\\&quot;0 0 320 512\\&quot; xmlns=\\&quot;http:\\\/\\\/www.w3.org\\\/2000\\\/svg\\&quot;&gt;&lt;path d=\\&quot;M31.3 192h257.3c17.8 0 26.7 21.5 14.1 34.1L174.1 354.8c-7.8 7.8-20.5 7.8-28.3 0L17.2 226.1C4.6 213.5 13.5 192 31.3 192z\\&quot;&gt;&lt;\\\/path&gt;&lt;\\\/svg&gt;&quot;,&quot;library&quot;:&quot;fa-solid&quot;},&quot;toggle&quot;:&quot;burger&quot;}\" data-widget_type=\"nav-menu.default\">\n\t\t\t\t<div class=\"elementor-widget-container\">\n\t\t\t\t\t\t\t\t<nav aria-label=\"Men\u00fc\" class=\"elementor-nav-menu--main elementor-nav-menu__container elementor-nav-menu--layout-horizontal e--pointer-underline e--animation-fade\">\n\t\t\t\t<ul id=\"menu-1-b35cbe2\" class=\"elementor-nav-menu\"><li class=\"menu-item menu-item-type-post_type menu-item-object-page menu-item-home menu-item-425\"><a href=\"https:\/\/de-paenz-us-dem-ahle-koelle.de\/\" class=\"elementor-item\">Zu Hus<\/a><\/li>\n<li class=\"menu-item menu-item-type-post_type menu-item-object-page menu-item-185\"><a href=\"https:\/\/de-paenz-us-dem-ahle-koelle.de\/?page_id=178\" class=\"elementor-item\">Dat sin mir<\/a><\/li>\n<li class=\"menu-item menu-item-type-post_type menu-item-object-page menu-item-372\"><a href=\"https:\/\/de-paenz-us-dem-ahle-koelle.de\/?page_id=344\" class=\"elementor-item\">Training<\/a><\/li>\n<li class=\"menu-item menu-item-type-post_type menu-item-object-page menu-item-has-children menu-item-262\"><a href=\"https:\/\/de-paenz-us-dem-ahle-koelle.de\/?page_id=256\" class=\"elementor-item\">Bilder<\/a>\n<ul class=\"sub-menu elementor-nav-menu--dropdown\">\n\t<li class=\"menu-item menu-item-type-post_type menu-item-object-page menu-item-has-children menu-item-2078\"><a href=\"https:\/\/de-paenz-us-dem-ahle-koelle.de\/?page_id=2066\" class=\"elementor-sub-item\">Unsere T\u00e4nzerinnen und T\u00e4nzer 2025\/2026<\/a>\n\t<ul class=\"sub-menu elementor-nav-menu--dropdown\">\n\t\t<li class=\"menu-item menu-item-type-post_type menu-item-object-page menu-item-2268\"><a href=\"https:\/\/de-paenz-us-dem-ahle-koelle.de\/?page_id=2242\" class=\"elementor-sub-item\">Puute un P\u00e4nz 2025\/2026<\/a><\/li>\n\t\t<li class=\"menu-item menu-item-type-post_type menu-item-object-page menu-item-2241\"><a href=\"https:\/\/de-paenz-us-dem-ahle-koelle.de\/?page_id=2208\" class=\"elementor-sub-item\">Frolleins un L\u00e4llbecke 2025\/2026<\/a><\/li>\n\t<\/ul>\n<\/li>\n\t<li class=\"menu-item menu-item-type-post_type menu-item-object-page menu-item-has-children menu-item-2192\"><a href=\"https:\/\/de-paenz-us-dem-ahle-koelle.de\/?page_id=2173\" class=\"elementor-sub-item\">Familienklaaf 2025<\/a>\n\t<ul class=\"sub-menu elementor-nav-menu--dropdown\">\n\t\t<li class=\"menu-item menu-item-type-post_type menu-item-object-page menu-item-647\"><a href=\"https:\/\/de-paenz-us-dem-ahle-koelle.de\/?page_id=501\" class=\"elementor-sub-item\">Familienklaaf 2024<\/a><\/li>\n\t<\/ul>\n<\/li>\n\t<li class=\"menu-item menu-item-type-post_type menu-item-object-page menu-item-2064\"><a href=\"https:\/\/de-paenz-us-dem-ahle-koelle.de\/?page_id=2033\" class=\"elementor-sub-item\">Session 2025\/2026<\/a><\/li>\n\t<li class=\"menu-item menu-item-type-post_type menu-item-object-page menu-item-1163\"><a href=\"https:\/\/de-paenz-us-dem-ahle-koelle.de\/?page_id=1158\" class=\"elementor-sub-item\">Session 2024\/2025<\/a><\/li>\n\t<li class=\"menu-item menu-item-type-post_type menu-item-object-page menu-item-1065\"><a href=\"https:\/\/de-paenz-us-dem-ahle-koelle.de\/?page_id=1057\" class=\"elementor-sub-item\">Session 2023\/2024<\/a><\/li>\n\t<li class=\"menu-item menu-item-type-post_type menu-item-object-page menu-item-373\"><a href=\"https:\/\/de-paenz-us-dem-ahle-koelle.de\/?page_id=356\" class=\"elementor-sub-item\">Sommerauftritte 2024<\/a><\/li>\n\t<li class=\"menu-item menu-item-type-post_type menu-item-object-page menu-item-447\"><a href=\"https:\/\/de-paenz-us-dem-ahle-koelle.de\/?page_id=438\" class=\"elementor-sub-item\">Best of 13 Jahre PudaK<\/a><\/li>\n<\/ul>\n<\/li>\n<li class=\"menu-item menu-item-type-post_type menu-item-object-page menu-item-264\"><a href=\"https:\/\/de-paenz-us-dem-ahle-koelle.de\/?page_id=28\" class=\"elementor-item\">Buchung<\/a><\/li>\n<li class=\"menu-item menu-item-type-post_type menu-item-object-page menu-item-1022\"><a href=\"https:\/\/de-paenz-us-dem-ahle-koelle.de\/?page_id=881\" class=\"elementor-item\">F\u00f6rdermitglied<\/a><\/li>\n<li class=\"menu-item menu-item-type-post_type menu-item-object-page menu-item-763\"><a href=\"https:\/\/de-paenz-us-dem-ahle-koelle.de\/?page_id=755\" class=\"elementor-item\">Aktuelles<\/a><\/li>\n<\/ul>\t\t\t<\/nav>\n\t\t\t\t\t<div class=\"elementor-menu-toggle\" role=\"button\" tabindex=\"0\" aria-label=\"Menu Toggle\" aria-expanded=\"false\">\n\t\t\t<svg aria-hidden=\"true\" role=\"presentation\" class=\"elementor-menu-toggle__icon--open e-font-icon-svg e-eicon-menu-bar\" viewBox=\"0 0 1000 1000\" xmlns=\"http:\/\/www.w3.org\/2000\/svg\"><path d=\"M104 333H896C929 333 958 304 958 271S929 208 896 208H104C71 208 42 237 42 271S71 333 104 333ZM104 583H896C929 583 958 554 958 521S929 458 896 458H104C71 458 42 487 42 521S71 583 104 583ZM104 833H896C929 833 958 804 958 771S929 708 896 708H104C71 708 42 737 42 771S71 833 104 833Z\"><\/path><\/svg><svg aria-hidden=\"true\" role=\"presentation\" class=\"elementor-menu-toggle__icon--close e-font-icon-svg e-eicon-close\" viewBox=\"0 0 1000 1000\" xmlns=\"http:\/\/www.w3.org\/2000\/svg\"><path d=\"M742 167L500 408 258 167C246 154 233 150 217 150 196 150 179 158 167 167 154 179 150 196 150 212 150 229 154 242 171 254L408 500 167 742C138 771 138 800 167 829 196 858 225 858 254 829L496 587 738 829C750 842 767 846 783 846 800 846 817 842 829 829 842 817 846 804 846 783 846 767 842 750 829 737L588 500 833 258C863 229 863 200 833 171 804 137 775 137 742 167Z\"><\/path><\/svg>\t\t<\/div>\n\t\t\t\t\t<nav class=\"elementor-nav-menu--dropdown elementor-nav-menu__container\" aria-hidden=\"true\">\n\t\t\t\t<ul id=\"menu-2-b35cbe2\" class=\"elementor-nav-menu\"><li class=\"menu-item menu-item-type-post_type menu-item-object-page menu-item-home menu-item-425\"><a href=\"https:\/\/de-paenz-us-dem-ahle-koelle.de\/\" class=\"elementor-item\" tabindex=\"-1\">Zu Hus<\/a><\/li>\n<li class=\"menu-item menu-item-type-post_type menu-item-object-page menu-item-185\"><a href=\"https:\/\/de-paenz-us-dem-ahle-koelle.de\/?page_id=178\" class=\"elementor-item\" tabindex=\"-1\">Dat sin mir<\/a><\/li>\n<li class=\"menu-item menu-item-type-post_type menu-item-object-page menu-item-372\"><a href=\"https:\/\/de-paenz-us-dem-ahle-koelle.de\/?page_id=344\" class=\"elementor-item\" tabindex=\"-1\">Training<\/a><\/li>\n<li class=\"menu-item menu-item-type-post_type menu-item-object-page menu-item-has-children menu-item-262\"><a href=\"https:\/\/de-paenz-us-dem-ahle-koelle.de\/?page_id=256\" class=\"elementor-item\" tabindex=\"-1\">Bilder<\/a>\n<ul class=\"sub-menu elementor-nav-menu--dropdown\">\n\t<li class=\"menu-item menu-item-type-post_type menu-item-object-page menu-item-has-children menu-item-2078\"><a href=\"https:\/\/de-paenz-us-dem-ahle-koelle.de\/?page_id=2066\" class=\"elementor-sub-item\" tabindex=\"-1\">Unsere T\u00e4nzerinnen und T\u00e4nzer 2025\/2026<\/a>\n\t<ul class=\"sub-menu elementor-nav-menu--dropdown\">\n\t\t<li class=\"menu-item menu-item-type-post_type menu-item-object-page menu-item-2268\"><a href=\"https:\/\/de-paenz-us-dem-ahle-koelle.de\/?page_id=2242\" class=\"elementor-sub-item\" tabindex=\"-1\">Puute un P\u00e4nz 2025\/2026<\/a><\/li>\n\t\t<li class=\"menu-item menu-item-type-post_type menu-item-object-page menu-item-2241\"><a href=\"https:\/\/de-paenz-us-dem-ahle-koelle.de\/?page_id=2208\" class=\"elementor-sub-item\" tabindex=\"-1\">Frolleins un L\u00e4llbecke 2025\/2026<\/a><\/li>\n\t<\/ul>\n<\/li>\n\t<li class=\"menu-item menu-item-type-post_type menu-item-object-page menu-item-has-children menu-item-2192\"><a href=\"https:\/\/de-paenz-us-dem-ahle-koelle.de\/?page_id=2173\" class=\"elementor-sub-item\" tabindex=\"-1\">Familienklaaf 2025<\/a>\n\t<ul class=\"sub-menu elementor-nav-menu--dropdown\">\n\t\t<li class=\"menu-item menu-item-type-post_type menu-item-object-page menu-item-647\"><a href=\"https:\/\/de-paenz-us-dem-ahle-koelle.de\/?page_id=501\" class=\"elementor-sub-item\" tabindex=\"-1\">Familienklaaf 2024<\/a><\/li>\n\t<\/ul>\n<\/li>\n\t<li class=\"menu-item menu-item-type-post_type menu-item-object-page menu-item-2064\"><a href=\"https:\/\/de-paenz-us-dem-ahle-koelle.de\/?page_id=2033\" class=\"elementor-sub-item\" tabindex=\"-1\">Session 2025\/2026<\/a><\/li>\n\t<li class=\"menu-item menu-item-type-post_type menu-item-object-page menu-item-1163\"><a href=\"https:\/\/de-paenz-us-dem-ahle-koelle.de\/?page_id=1158\" class=\"elementor-sub-item\" tabindex=\"-1\">Session 2024\/2025<\/a><\/li>\n\t<li class=\"menu-item menu-item-type-post_type menu-item-object-page menu-item-1065\"><a href=\"https:\/\/de-paenz-us-dem-ahle-koelle.de\/?page_id=1057\" class=\"elementor-sub-item\" tabindex=\"-1\">Session 2023\/2024<\/a><\/li>\n\t<li class=\"menu-item menu-item-type-post_type menu-item-object-page menu-item-373\"><a href=\"https:\/\/de-paenz-us-dem-ahle-koelle.de\/?page_id=356\" class=\"elementor-sub-item\" tabindex=\"-1\">Sommerauftritte 2024<\/a><\/li>\n\t<li class=\"menu-item menu-item-type-post_type menu-item-object-page menu-item-447\"><a href=\"https:\/\/de-paenz-us-dem-ahle-koelle.de\/?page_id=438\" class=\"elementor-sub-item\" tabindex=\"-1\">Best of 13 Jahre PudaK<\/a><\/li>\n<\/ul>\n<\/li>\n<li class=\"menu-item menu-item-type-post_type menu-item-object-page menu-item-264\"><a href=\"https:\/\/de-paenz-us-dem-ahle-koelle.de\/?page_id=28\" class=\"elementor-item\" tabindex=\"-1\">Buchung<\/a><\/li>\n<li class=\"menu-item menu-item-type-post_type menu-item-object-page menu-item-1022\"><a href=\"https:\/\/de-paenz-us-dem-ahle-koelle.de\/?page_id=881\" class=\"elementor-item\" tabindex=\"-1\">F\u00f6rdermitglied<\/a><\/li>\n<li class=\"menu-item menu-item-type-post_type menu-item-object-page menu-item-763\"><a href=\"https:\/\/de-paenz-us-dem-ahle-koelle.de\/?page_id=755\" class=\"elementor-item\" tabindex=\"-1\">Aktuelles<\/a><\/li>\n<\/ul>\t\t\t<\/nav>\n\t\t\t\t\t\t<\/div>\n\t\t\t\t<\/div>\n\t\t\t\t\t<\/div>\n\t\t\t\t<\/div>\n\t\t<div class=\"elementor-element elementor-element-4223460 e-flex e-con-boxed e-con e-parent\" data-id=\"4223460\" data-element_type=\"container\" data-e-type=\"container\">\n\t\t\t\t\t<div class=\"e-con-inner\">\n\t\t\t\t<div class=\"elementor-element elementor-element-4861175 elementor-widget elementor-widget-spacer\" data-id=\"4861175\" data-element_type=\"widget\" data-e-type=\"widget\" data-widget_type=\"spacer.default\">\n\t\t\t\t<div class=\"elementor-widget-container\">\n\t\t\t\t\t\t\t<div class=\"elementor-spacer\">\n\t\t\t<div class=\"elementor-spacer-inner\"><\/div>\n\t\t<\/div>\n\t\t\t\t\t\t<\/div>\n\t\t\t\t<\/div>\n\t\t\t\t<div class=\"elementor-element elementor-element-4c95ada elementor-widget elementor-widget-heading\" data-id=\"4c95ada\" data-element_type=\"widget\" data-e-type=\"widget\" data-widget_type=\"heading.default\">\n\t\t\t\t<div class=\"elementor-widget-container\">\n\t\t\t\t\t<h2 class=\"elementor-heading-title elementor-size-default\">Impressum<\/h2>\t\t\t\t<\/div>\n\t\t\t\t<\/div>\n\t\t\t\t<div class=\"elementor-element elementor-element-3826b21 elementor-widget elementor-widget-text-editor\" data-id=\"3826b21\" data-element_type=\"widget\" data-e-type=\"widget\" data-widget_type=\"text-editor.default\">\n\t\t\t\t<div class=\"elementor-widget-container\">\n\t\t\t\t\t\t\t\t\t<div class=\"elementor-element elementor-element-4a72827 elementor-widget elementor-widget-text-editor\" data-id=\"4a72827\" data-element_type=\"widget\" data-widget_type=\"text-editor.default\">\n<div class=\"elementor-widget-container\">\n<p style=\"text-align: center;\">De P\u00e4nz us dem ahle K\u00f6lle e.V.<br>Gesellschaft zur k\u00f6lnischen Brauchtumspflege<br><strong>Unter der Schirmherrschaft der KG Mer Blieve Zesamme von 1937 e.V.<\/strong><br>Mitglied im Festkomitee K\u00f6lner Karneval von 1823 e.V.<\/p>\n<p style=\"text-align: center;\"><strong>Gesch\u00e4ftsstelle:<\/strong><br>c\/o Dr. Johannes Clessienne<br>Kerpener Str. 53<br>50937 K\u00f6ln<br>Telefon: 0172 25 98 657<\/p>\n<p style=\"text-align: center;\">Bankverbindung: Volksbank Rhein-Erft-K\u00f6ln eG<br>IBAN: DE70 3706 2365 4705 2890 05<\/p>\n<p style=\"text-align: center;\">Vereinsregister K\u00f6ln: VR 15501<br>Steuernummer: Finanzamt K\u00f6ln Altstadt 214 \/ 5853 \/ 1262<br>Administrativer Ansprechpartner Website: webmaster(at)pudak.de<\/p>\n<p style=\"text-align: center;\"><strong>Vereinsvorstand<\/strong><\/p>\n<p style=\"text-align: center;\"><strong>1. Vorsitzender: <\/strong>Thomas Lichnofsky<\/p>\n<p style=\"text-align: center;\"><strong>Trainerin:<\/strong> Birgit Kohnen<\/p>\n<p style=\"text-align: center;\"><strong>Zeugmeisterin<\/strong>: Antonia Peters<\/p>\n<p style=\"text-align: center;\"><strong>Schatzmeister:<\/strong> Dr. Johannes Clessienne<\/p>\n<p style=\"text-align: center;\"><strong>Auftrittskoordinator:<\/strong> Mike Weiler<\/p>\n<p style=\"text-align: center;\"><b>Haftung f\u00fcr Inhalte<\/b><br>Als Diensteanbieter sind wir gem\u00e4\u00df \u00a7 7 Abs.1 TMG f\u00fcr eigene Inhalte auf diesen Seiten nach den allgemeinen Gesetzen verantwortlich. Nach \u00a7\u00a7 8 bis 10 TMG sind wir als Diensteanbieter jedoch nicht verpflichtet, \u00fcbermittelte oder gespeicherte fremde Informationen zu \u00fcberwachen oder nach Umst\u00e4nden zu forschen, die auf eine rechtswidrige T\u00e4tigkeit hinweisen. Verpflichtungen zur Entfernung oder Sperrung der Nutzung von Informationen nach den allgemeinen Gesetzen bleiben hiervon unber\u00fchrt. Eine diesbez\u00fcgliche Haftung ist jedoch erst ab dem Zeitpunkt der Kenntnis einer konkreten Rechtsverletzung m\u00f6glich. Bei Bekanntwerden von entsprechenden Rechtsverletzungen werden wir diese Inhalte umgehend entfernen.<\/p>\n<p style=\"text-align: center;\"><b>Urheberrecht<\/b><br>Die durch die Seitenbetreiber erstellten Inhalte und Werke auf diesen Seiten unterliegen dem deutschen Urheberrecht. Die Vervielf\u00e4ltigung, Bearbeitung, Verbreitung und jede Art der Verwertung au\u00dferhalb der Grenzen des Urheberrechtes bed\u00fcrfen der schriftlichen Zustimmung des jeweiligen Autors bzw. Erstellers. Downloads und Kopien dieser Seite sind nur f\u00fcr den privaten, nicht kommerziellen Gebrauch gestattet. Soweit die Inhalte auf dieser Seite nicht vom Betreiber erstellt wurden, werden die Urheberrechte Dritter beachtet. Insbesondere werden Inhalte Dritter als solche gekennzeichnet. Sollten Sie trotzdem auf eine Urheberrechtsverletzung aufmerksam werden, bitten wir um einen entsprechenden Hinweis. Bei Bekanntwerden von Rechtsverletzungen werden wir derartige Inhalte umgehend entfernen.<\/p>\n<p style=\"text-align: center;\"><b>Markenschutz<\/b><br>\u201eDe P\u00e4nz us dem ahle K\u00f6lle e.V.\u201c ist eingetragene Marke des Vereins. Ebenso besteht auch f\u00fcr die Tracht in den historischen Trachtenfarben Rot, Gr\u00fcn, Schwarz, Wei\u00df als auch alle hiermit in Zusammenhang stehenden Waren und Dienstleistungen Markenschutz.<\/p>\n<p style=\"text-align: center;\"><b>Rechtswirksamkeit dieses Haftungsausschlusses<\/b><br>Dieser Haftungsausschluss ist als Teil des Internetangebotes www.de-paenz-us-dem-ahle-koelle.de einschlie\u00dflich der Subdomains zu dieser Domain zu betrachten. Sofern Teile oder einzelne Formulierungen dieses Textes der geltenden Rechtslage nicht, nicht mehr oder nicht vollst\u00e4ndig entsprechen sollten, bleiben die \u00fcbrigen Teile des Dokumentes in ihrem Inhalt und ihrer G\u00fcltigkeit davon unber\u00fchrt.<\/p>\n<\/div>\n<\/div>\t\t\t\t\t\t\t\t<\/div>\n\t\t\t\t<\/div>\n\t\t\t\t<div class=\"elementor-element elementor-element-7ccdafc elementor-widget elementor-widget-spacer\" data-id=\"7ccdafc\" data-element_type=\"widget\" data-e-type=\"widget\" data-widget_type=\"spacer.default\">\n\t\t\t\t<div class=\"elementor-widget-container\">\n\t\t\t\t\t\t\t<div class=\"elementor-spacer\">\n\t\t\t<div class=\"elementor-spacer-inner\"><\/div>\n\t\t<\/div>\n\t\t\t\t\t\t<\/div>\n\t\t\t\t<\/div>\n\t\t\t\t\t<\/div>\n\t\t\t\t<\/div>\n\t\t<div class=\"elementor-element elementor-element-0c8c12b e-flex e-con-boxed e-con e-parent\" data-id=\"0c8c12b\" data-element_type=\"container\" data-e-type=\"container\">\n\t\t\t\t\t<div class=\"e-con-inner\">\n\t\t\t\t<div class=\"elementor-element elementor-element-3958236 elementor-nav-menu__align-center elementor-nav-menu--dropdown-tablet elementor-nav-menu__text-align-aside elementor-nav-menu--toggle elementor-nav-menu--burger elementor-widget elementor-widget-nav-menu\" data-id=\"3958236\" data-element_type=\"widget\" data-e-type=\"widget\" data-settings=\"{&quot;layout&quot;:&quot;horizontal&quot;,&quot;submenu_icon&quot;:{&quot;value&quot;:&quot;&lt;svg aria-hidden=\\&quot;true\\&quot; class=\\&quot;e-font-icon-svg e-fas-caret-down\\&quot; viewBox=\\&quot;0 0 320 512\\&quot; xmlns=\\&quot;http:\\\/\\\/www.w3.org\\\/2000\\\/svg\\&quot;&gt;&lt;path d=\\&quot;M31.3 192h257.3c17.8 0 26.7 21.5 14.1 34.1L174.1 354.8c-7.8 7.8-20.5 7.8-28.3 0L17.2 226.1C4.6 213.5 13.5 192 31.3 192z\\&quot;&gt;&lt;\\\/path&gt;&lt;\\\/svg&gt;&quot;,&quot;library&quot;:&quot;fa-solid&quot;},&quot;toggle&quot;:&quot;burger&quot;}\" data-widget_type=\"nav-menu.default\">\n\t\t\t\t<div class=\"elementor-widget-container\">\n\t\t\t\t\t\t\t\t<nav aria-label=\"Men\u00fc\" class=\"elementor-nav-menu--main elementor-nav-menu__container elementor-nav-menu--layout-horizontal e--pointer-underline e--animation-fade\">\n\t\t\t\t<ul id=\"menu-1-3958236\" class=\"elementor-nav-menu\"><li class=\"menu-item menu-item-type-post_type menu-item-object-page menu-item-201\"><a href=\"https:\/\/de-paenz-us-dem-ahle-koelle.de\/?page_id=191\" class=\"elementor-item\">KG MBZ<\/a><\/li>\n<li class=\"menu-item menu-item-type-post_type menu-item-object-page menu-item-200\"><a href=\"https:\/\/de-paenz-us-dem-ahle-koelle.de\/?page_id=190\" class=\"elementor-item\">Presse<\/a><\/li>\n<li class=\"menu-item menu-item-type-post_type menu-item-object-page menu-item-1587\"><a href=\"https:\/\/de-paenz-us-dem-ahle-koelle.de\/?page_id=1579\" class=\"elementor-item\">Datenschutz<\/a><\/li>\n<li class=\"menu-item menu-item-type-post_type menu-item-object-page menu-item-198\"><a href=\"https:\/\/de-paenz-us-dem-ahle-koelle.de\/?page_id=187\" class=\"elementor-item\">Kontakt<\/a><\/li>\n<li class=\"menu-item menu-item-type-post_type menu-item-object-page menu-item-1597\"><a href=\"https:\/\/de-paenz-us-dem-ahle-koelle.de\/?page_id=1589\" class=\"elementor-item\">Impressum<\/a><\/li>\n<\/ul>\t\t\t<\/nav>\n\t\t\t\t\t<div class=\"elementor-menu-toggle\" role=\"button\" tabindex=\"0\" aria-label=\"Menu Toggle\" aria-expanded=\"false\">\n\t\t\t<svg aria-hidden=\"true\" role=\"presentation\" class=\"elementor-menu-toggle__icon--open e-font-icon-svg e-eicon-menu-bar\" viewBox=\"0 0 1000 1000\" xmlns=\"http:\/\/www.w3.org\/2000\/svg\"><path d=\"M104 333H896C929 333 958 304 958 271S929 208 896 208H104C71 208 42 237 42 271S71 333 104 333ZM104 583H896C929 583 958 554 958 521S929 458 896 458H104C71 458 42 487 42 521S71 583 104 583ZM104 833H896C929 833 958 804 958 771S929 708 896 708H104C71 708 42 737 42 771S71 833 104 833Z\"><\/path><\/svg><svg aria-hidden=\"true\" role=\"presentation\" class=\"elementor-menu-toggle__icon--close e-font-icon-svg e-eicon-close\" viewBox=\"0 0 1000 1000\" xmlns=\"http:\/\/www.w3.org\/2000\/svg\"><path d=\"M742 167L500 408 258 167C246 154 233 150 217 150 196 150 179 158 167 167 154 179 150 196 150 212 150 229 154 242 171 254L408 500 167 742C138 771 138 800 167 829 196 858 225 858 254 829L496 587 738 829C750 842 767 846 783 846 800 846 817 842 829 829 842 817 846 804 846 783 846 767 842 750 829 737L588 500 833 258C863 229 863 200 833 171 804 137 775 137 742 167Z\"><\/path><\/svg>\t\t<\/div>\n\t\t\t\t\t<nav class=\"elementor-nav-menu--dropdown elementor-nav-menu__container\" aria-hidden=\"true\">\n\t\t\t\t<ul id=\"menu-2-3958236\" class=\"elementor-nav-menu\"><li class=\"menu-item menu-item-type-post_type menu-item-object-page menu-item-201\"><a href=\"https:\/\/de-paenz-us-dem-ahle-koelle.de\/?page_id=191\" class=\"elementor-item\" tabindex=\"-1\">KG MBZ<\/a><\/li>\n<li class=\"menu-item menu-item-type-post_type menu-item-object-page menu-item-200\"><a href=\"https:\/\/de-paenz-us-dem-ahle-koelle.de\/?page_id=190\" class=\"elementor-item\" tabindex=\"-1\">Presse<\/a><\/li>\n<li class=\"menu-item menu-item-type-post_type menu-item-object-page menu-item-1587\"><a href=\"https:\/\/de-paenz-us-dem-ahle-koelle.de\/?page_id=1579\" class=\"elementor-item\" tabindex=\"-1\">Datenschutz<\/a><\/li>\n<li class=\"menu-item menu-item-type-post_type menu-item-object-page menu-item-198\"><a href=\"https:\/\/de-paenz-us-dem-ahle-koelle.de\/?page_id=187\" class=\"elementor-item\" tabindex=\"-1\">Kontakt<\/a><\/li>\n<li class=\"menu-item menu-item-type-post_type menu-item-object-page menu-item-1597\"><a href=\"https:\/\/de-paenz-us-dem-ahle-koelle.de\/?page_id=1589\" class=\"elementor-item\" tabindex=\"-1\">Impressum<\/a><\/li>\n<\/ul>\t\t\t<\/nav>\n\t\t\t\t\t\t<\/div>\n\t\t\t\t<\/div>\n\t\t\t\t\t<\/div>\n\t\t\t\t<\/div>\n\t\t\t\t<\/div>\n\t\t","protected":false},"excerpt":{"rendered":"<p>Impressum De P\u00e4nz us dem ahle K\u00f6lle e.V.Gesellschaft zur k\u00f6lnischen BrauchtumspflegeUnter der Schirmherrschaft der KG Mer Blieve Zesamme von 1937 e.V.Mitglied im Festkomitee K\u00f6lner Karneval von 1823 e.V. Gesch\u00e4ftsstelle:c\/o Dr. Johannes ClessienneKerpener Str. 5350937 K\u00f6lnTelefon: 0172 25 98 657 Bankverbindung: Volksbank Rhein-Erft-K\u00f6ln eGIBAN: DE70 3706 2365 4705 2890 05 Vereinsregister K\u00f6ln: VR 15501Steuernummer: Finanzamt K\u00f6ln [&hellip;]<\/p>\n","protected":false},"author":2,"featured_media":0,"parent":0,"menu_order":0,"comment_status":"closed","ping_status":"closed","template":"elementor_canvas","meta":{"footnotes":""},"class_list":["post-1589","page","type-page","status-publish","hentry"],"_links":{"self":[{"href":"https:\/\/de-paenz-us-dem-ahle-koelle.de\/index.php?rest_route=\/wp\/v2\/pages\/1589","targetHints":{"allow":["GET"]}}],"collection":[{"href":"https:\/\/de-paenz-us-dem-ahle-koelle.de\/index.php?rest_route=\/wp\/v2\/pages"}],"about":[{"href":"https:\/\/de-paenz-us-dem-ahle-koelle.de\/index.php?rest_route=\/wp\/v2\/types\/page"}],"author":[{"embeddable":true,"href":"https:\/\/de-paenz-us-dem-ahle-koelle.de\/index.php?rest_route=\/wp\/v2\/users\/2"}],"replies":[{"embeddable":true,"href":"https:\/\/de-paenz-us-dem-ahle-koelle.de\/index.php?rest_route=%2Fwp%2Fv2%2Fcomments&post=1589"}],"version-history":[{"count":22,"href":"https:\/\/de-paenz-us-dem-ahle-koelle.de\/index.php?rest_route=\/wp\/v2\/pages\/1589\/revisions"}],"predecessor-version":[{"id":1912,"href":"https:\/\/de-paenz-us-dem-ahle-koelle.de\/index.php?rest_route=\/wp\/v2\/pages\/1589\/revisions\/1912"}],"wp:attachment":[{"href":"https:\/\/de-paenz-us-dem-ahle-koelle.de\/index.php?rest_route=%2Fwp%2Fv2%2Fmedia&parent=1589"}],"curies":[{"name":"wp","href":"https:\/\/api.w.org\/{rel}","templated":true}]}}